{"id":613,"date":"2025-05-28T08:56:50","date_gmt":"2025-05-28T08:56:50","guid":{"rendered":"https:\/\/heiss.thesanmarco.com\/?page_id=613"},"modified":"2025-05-28T11:26:24","modified_gmt":"2025-05-28T11:26:24","slug":"jury","status":"publish","type":"page","link":"https:\/\/heiss.thesanmarco.com\/index.php\/jury\/","title":{"rendered":"Jury"},"content":{"rendered":"\t\t<div data-elementor-type=\"wp-page\" data-elementor-id=\"613\" class=\"elementor elementor-613\" data-elementor-post-type=\"page\">\n\t\t\t\t<div class=\"elementor-element elementor-element-ebfa2be e-con-full e-flex e-con e-parent\" data-id=\"ebfa2be\" data-element_type=\"container\">\n\t\t<div class=\"elementor-element elementor-element-40a0d4b e-con-full e-flex e-con e-child\" data-id=\"40a0d4b\" data-element_type=\"container\">\n\t\t\t\t<div class=\"elementor-element elementor-element-18ed696 elementor-widget elementor-widget-heading\" data-id=\"18ed696\" data-element_type=\"widget\" data-widget_type=\"heading.default\">\n\t\t\t\t\t<h1 class=\"elementor-heading-title elementor-size-default\">Gute Architektur ist kein Zufall<\/h1>\t\t\t\t<\/div>\n\t\t\t\t<div class=\"elementor-element elementor-element-98cea38 elementor-widget elementor-widget-text-editor\" data-id=\"98cea38\" data-element_type=\"widget\" data-widget_type=\"text-editor.default\">\n\t\t\t\t\t\t\t\t\t<p>Die professionelle Leitung einer Jury durch erfahrene Architekt:innen sichert nachvollziehbare, transparente und qualitativ hochwertige Entscheidungen \u2013 ein zentraler Faktor f\u00fcr \u00f6ffentliche Auftraggeber und Developer oder Bautr\u00e4ger. Sie schafft Vertrauen: Insbesondere bei Projekten mit hoher \u00f6ffentlicher Relevanz oder gro\u00dfen Investitionen. Strukturierte Bewertungsprozesse und fachlich fundierte Diskussionen machen es Entscheidungstr\u00e4gerInnen m\u00f6glich, dass die ausgew\u00e4hlten Entw\u00fcrfe nicht nur \u00e4sthetisch \u00fcberzeugen, sondern auch funktional, nachhaltig und wirtschaftlich tragf\u00e4hig sind.<\/p>\t\t\t\t\t\t\t\t<\/div>\n\t\t\t\t<div class=\"elementor-element elementor-element-1b59db3 elementor-hidden-tablet elementor-hidden-mobile elementor-widget elementor-widget-text-editor\" data-id=\"1b59db3\" data-element_type=\"widget\" data-widget_type=\"text-editor.default\">\n\t\t\t\t\t\t\t\t\t<p>Foto: Stefan Ol\u00e1h<\/p>\t\t\t\t\t\t\t\t<\/div>\n\t\t\t\t<\/div>\n\t\t<div class=\"elementor-element elementor-element-139bff2 e-con-full e-flex e-con e-child\" data-id=\"139bff2\" data-element_type=\"container\">\n\t\t\t\t<div class=\"elementor-element elementor-element-7ed654e elementor-widget elementor-widget-image\" data-id=\"7ed654e\" data-element_type=\"widget\" data-widget_type=\"image.default\">\n\t\t\t\t\t\t\t\t\t\t\t\t\t\t\t<img fetchpriority=\"high\" decoding=\"async\" width=\"1577\" height=\"2000\" src=\"https:\/\/heiss.thesanmarco.com\/wp-content\/uploads\/2025\/05\/1739_Foto_Olah_A4757-04-web-1.jpg\" class=\"attachment-full size-full wp-image-720\" alt=\"\" srcset=\"https:\/\/heiss.thesanmarco.com\/wp-content\/uploads\/2025\/05\/1739_Foto_Olah_A4757-04-web-1.jpg 1577w, https:\/\/heiss.thesanmarco.com\/wp-content\/uploads\/2025\/05\/1739_Foto_Olah_A4757-04-web-1-237x300.jpg 237w, https:\/\/heiss.thesanmarco.com\/wp-content\/uploads\/2025\/05\/1739_Foto_Olah_A4757-04-web-1-807x1024.jpg 807w, https:\/\/heiss.thesanmarco.com\/wp-content\/uploads\/2025\/05\/1739_Foto_Olah_A4757-04-web-1-768x974.jpg 768w, https:\/\/heiss.thesanmarco.com\/wp-content\/uploads\/2025\/05\/1739_Foto_Olah_A4757-04-web-1-1211x1536.jpg 1211w\" sizes=\"(max-width: 1577px) 100vw, 1577px\" \/>\t\t\t\t\t\t\t\t\t\t\t\t\t\t\t<\/div>\n\t\t\t\t<div class=\"elementor-element elementor-element-52aa387 elementor-hidden-widescreen elementor-hidden-desktop elementor-widget elementor-widget-text-editor\" data-id=\"52aa387\" data-element_type=\"widget\" data-widget_type=\"text-editor.default\">\n\t\t\t\t\t\t\t\t\t<p>Foto: Stefan Ol\u00e1h<\/p>\t\t\t\t\t\t\t\t<\/div>\n\t\t\t\t<\/div>\n\t\t\t\t<\/div>\n\t\t<div class=\"elementor-element elementor-element-615c5 e-flex e-con-boxed e-con e-parent\" data-id=\"615c5\" data-element_type=\"container\">\n\t\t\t\t\t<div class=\"e-con-inner\">\n\t\t\t\t<div class=\"elementor-element elementor-element-b3121b2 elementor-widget elementor-widget-heading\" data-id=\"b3121b2\" data-element_type=\"widget\" data-widget_type=\"heading.default\">\n\t\t\t\t\t<h3 class=\"elementor-heading-title elementor-size-default\">\"Gute Architektur verschwendet keinen Platz und ist trotzdem gro\u00dfz\u00fcgig.\"<\/h3>\t\t\t\t<\/div>\n\t\t\t\t<div class=\"elementor-element elementor-element-6ee84887 elementor-widget elementor-widget-text-editor\" data-id=\"6ee84887\" data-element_type=\"widget\" data-widget_type=\"text-editor.default\">\n\t\t\t\t\t\t\t\t\t<p>Christian Heiss<\/p>\t\t\t\t\t\t\t\t<\/div>\n\t\t\t\t\t<\/div>\n\t\t\t\t<\/div>\n\t\t<div class=\"elementor-element elementor-element-b36fd5b e-con-full e-flex e-con e-parent\" data-id=\"b36fd5b\" data-element_type=\"container\">\n\t\t<div class=\"elementor-element elementor-element-b363de5 e-con-full e-flex e-con e-child\" data-id=\"b363de5\" data-element_type=\"container\">\n\t\t\t\t<div class=\"elementor-element elementor-element-35d5746 elementor-widget elementor-widget-heading\" data-id=\"35d5746\" data-element_type=\"widget\" data-widget_type=\"heading.default\">\n\t\t\t\t\t<h3 class=\"elementor-heading-title elementor-size-default\">Professionelle Verantwortung<\/h3>\t\t\t\t<\/div>\n\t\t\t\t<div class=\"elementor-element elementor-element-f7f5e48 elementor-widget elementor-widget-text-editor\" data-id=\"f7f5e48\" data-element_type=\"widget\" data-widget_type=\"text-editor.default\">\n\t\t\t\t\t\t\t\t\t<p>Mit seiner langj\u00e4hrigen Erfahrung in Architektur und Stadtplanung bringt Christian Heiss genau das Fachwissen und die Souver\u00e4nit\u00e4t mit, die eine Juryleitung braucht. Er moderiert fachlich fundiert, strukturiert den Entscheidungsprozess klar und sorgt daf\u00fcr, dass alle relevanten Kriterien \u2013 von architektonischer Qualit\u00e4t \u00fcber St\u00e4dtebau bis Nachhaltigkeit \u2013 kompetent bewertet werden. Auftraggeber profitieren von seiner F\u00e4higkeit, Konsens herzustellen und Entscheidungen tragf\u00e4hig zu machen \u2013 transparent, effizient und auf h\u00f6chstem professionellen Niveau.<\/p>\t\t\t\t\t\t\t\t<\/div>\n\t\t\t\t<div class=\"elementor-element elementor-element-9b7fa09 elementor-hidden-tablet elementor-hidden-mobile elementor-widget elementor-widget-text-editor\" data-id=\"9b7fa09\" data-element_type=\"widget\" data-widget_type=\"text-editor.default\">\n\t\t\t\t\t\t\t\t\t<p>Foto: Gerhard Wasserbauer<\/p>\t\t\t\t\t\t\t\t<\/div>\n\t\t\t\t<\/div>\n\t\t<div class=\"elementor-element elementor-element-7ce3a20 e-con-full e-flex e-con e-child\" data-id=\"7ce3a20\" data-element_type=\"container\">\n\t\t\t\t<div class=\"elementor-element elementor-element-9bdcd4f elementor-widget elementor-widget-image\" data-id=\"9bdcd4f\" data-element_type=\"widget\" data-widget_type=\"image.default\">\n\t\t\t\t\t\t\t\t\t\t\t\t\t\t\t<img decoding=\"async\" width=\"1600\" height=\"1600\" src=\"https:\/\/heiss.thesanmarco.com\/wp-content\/uploads\/2025\/05\/CHeiss-10197-43.jpg\" class=\"attachment-full size-full wp-image-689\" alt=\"\" srcset=\"https:\/\/heiss.thesanmarco.com\/wp-content\/uploads\/2025\/05\/CHeiss-10197-43.jpg 1600w, https:\/\/heiss.thesanmarco.com\/wp-content\/uploads\/2025\/05\/CHeiss-10197-43-300x300.jpg 300w, https:\/\/heiss.thesanmarco.com\/wp-content\/uploads\/2025\/05\/CHeiss-10197-43-1024x1024.jpg 1024w, https:\/\/heiss.thesanmarco.com\/wp-content\/uploads\/2025\/05\/CHeiss-10197-43-150x150.jpg 150w, https:\/\/heiss.thesanmarco.com\/wp-content\/uploads\/2025\/05\/CHeiss-10197-43-768x768.jpg 768w, https:\/\/heiss.thesanmarco.com\/wp-content\/uploads\/2025\/05\/CHeiss-10197-43-1536x1536.jpg 1536w\" sizes=\"(max-width: 1600px) 100vw, 1600px\" \/>\t\t\t\t\t\t\t\t\t\t\t\t\t\t\t<\/div>\n\t\t\t\t<div class=\"elementor-element elementor-element-e8bb9c1 elementor-hidden-widescreen elementor-hidden-desktop elementor-widget elementor-widget-text-editor\" data-id=\"e8bb9c1\" data-element_type=\"widget\" data-widget_type=\"text-editor.default\">\n\t\t\t\t\t\t\t\t\t<p>Foto: Gerhard Wasserbauer<\/p>\t\t\t\t\t\t\t\t<\/div>\n\t\t\t\t<\/div>\n\t\t\t\t<\/div>\n\t\t<div class=\"elementor-element elementor-element-5c8cc94 e-con-full e-flex e-con e-parent\" data-id=\"5c8cc94\" data-element_type=\"container\">\n\t\t<div class=\"elementor-element elementor-element-dc830d0 e-con-full e-flex e-con e-child\" data-id=\"dc830d0\" data-element_type=\"container\">\n\t\t\t\t<div class=\"elementor-element elementor-element-6d4585d elementor-widget elementor-widget-heading\" data-id=\"6d4585d\" data-element_type=\"widget\" data-widget_type=\"heading.default\">\n\t\t\t\t\t<h3 class=\"elementor-heading-title elementor-size-default\">Klare Kriterien<\/h3>\t\t\t\t<\/div>\n\t\t\t\t<div class=\"elementor-element elementor-element-0c09c58 elementor-widget elementor-widget-text-editor\" data-id=\"0c09c58\" data-element_type=\"widget\" data-widget_type=\"text-editor.default\">\n\t\t\t\t\t\t\t\t\t<p>Christian Heiss bringt seine fachliche Expertise ein, um Projekte nach klar definierten Kriterien zu bewerten: Die Qualit\u00e4t der Architektur steht im Mittelpunkt \u2013 es geht um gestalterische St\u00e4rke und konzeptionelle Klarheit. Auch der St\u00e4dtebau wird gepr\u00fcft: Wie f\u00fcgt sich das Projekt in den Kontext ein, wie tr\u00e4gt es zur Entwicklung des \u00f6ffentlichen Raums bei? Funktionalit\u00e4t bewertet die Nutzbarkeit und Alltagstauglichkeit der Planung, w\u00e4hrend Nachhaltigkeit \u00f6kologische Aspekte, Ressourcenschonung und Lebenszyklus eines Geb\u00e4udes umfasst. Schlie\u00dflich ist auch die Effizienz entscheidend \u2013 sowohl in Bezug auf die Umsetzung als auch auf langfristige Betriebskosten.<\/p>\t\t\t\t\t\t\t\t<\/div>\n\t\t\t\t<div class=\"elementor-element elementor-element-28a3696 elementor-hidden-tablet elementor-hidden-mobile elementor-widget elementor-widget-text-editor\" data-id=\"28a3696\" data-element_type=\"widget\" data-widget_type=\"text-editor.default\">\n\t\t\t\t\t\t\t\t\t<p>Foto: Peter Burgstaller<\/p>\t\t\t\t\t\t\t\t<\/div>\n\t\t\t\t<\/div>\n\t\t<div class=\"elementor-element elementor-element-b7406cd e-con-full e-flex e-con e-child\" data-id=\"b7406cd\" data-element_type=\"container\">\n\t\t\t\t<div class=\"elementor-element elementor-element-8e0c162 elementor-widget elementor-widget-image\" data-id=\"8e0c162\" data-element_type=\"widget\" data-widget_type=\"image.default\">\n\t\t\t\t\t\t\t\t\t\t\t\t\t\t\t<img decoding=\"async\" width=\"2500\" height=\"1668\" src=\"https:\/\/heiss.thesanmarco.com\/wp-content\/uploads\/2025\/05\/1520_Foto_Burgstaller_DSC03569.jpg\" class=\"attachment-full size-full wp-image-724\" alt=\"\" srcset=\"https:\/\/heiss.thesanmarco.com\/wp-content\/uploads\/2025\/05\/1520_Foto_Burgstaller_DSC03569.jpg 2500w, https:\/\/heiss.thesanmarco.com\/wp-content\/uploads\/2025\/05\/1520_Foto_Burgstaller_DSC03569-300x200.jpg 300w, https:\/\/heiss.thesanmarco.com\/wp-content\/uploads\/2025\/05\/1520_Foto_Burgstaller_DSC03569-1024x683.jpg 1024w, https:\/\/heiss.thesanmarco.com\/wp-content\/uploads\/2025\/05\/1520_Foto_Burgstaller_DSC03569-768x512.jpg 768w, https:\/\/heiss.thesanmarco.com\/wp-content\/uploads\/2025\/05\/1520_Foto_Burgstaller_DSC03569-1536x1025.jpg 1536w, https:\/\/heiss.thesanmarco.com\/wp-content\/uploads\/2025\/05\/1520_Foto_Burgstaller_DSC03569-2048x1366.jpg 2048w\" sizes=\"(max-width: 2500px) 100vw, 2500px\" \/>\t\t\t\t\t\t\t\t\t\t\t\t\t\t\t<\/div>\n\t\t\t\t<div class=\"elementor-element elementor-element-c1692bf elementor-hidden-widescreen elementor-hidden-desktop elementor-widget elementor-widget-text-editor\" data-id=\"c1692bf\" data-element_type=\"widget\" data-widget_type=\"text-editor.default\">\n\t\t\t\t\t\t\t\t\t<p>Foto: Peter Burgstaller<\/p>\t\t\t\t\t\t\t\t<\/div>\n\t\t\t\t<\/div>\n\t\t\t\t<\/div>\n\t\t<div class=\"elementor-element elementor-element-f4af79b e-con-full e-flex e-con e-parent\" data-id=\"f4af79b\" data-element_type=\"container\">\n\t\t<div class=\"elementor-element elementor-element-4dfaf9d e-con-full e-flex e-con e-child\" data-id=\"4dfaf9d\" data-element_type=\"container\">\n\t\t\t\t<div class=\"elementor-element elementor-element-0adf796 elementor-widget elementor-widget-heading\" data-id=\"0adf796\" data-element_type=\"widget\" data-widget_type=\"heading.default\">\n\t\t\t\t\t<h3 class=\"elementor-heading-title elementor-size-default\">Ihre Anfrage<\/h3>\t\t\t\t<\/div>\n\t\t\t\t<div class=\"elementor-element elementor-element-0d06d89 elementor-widget elementor-widget-text-editor\" data-id=\"0d06d89\" data-element_type=\"widget\" data-widget_type=\"text-editor.default\">\n\t\t\t\t\t\t\t\t\tWenn Ihr Projekt nach einem professionellen Blick von au\u00dfen verlangt oder Sie ein zus\u00e4tzliches Paar geschulter Augen ben\u00f6tigen, freuen wir uns auf Ihre gesch\u00e4tzte Anfrage. Bitte bedenken Sie, dass die Beratungs&shy;leistung die Leistung des Architekten <strong>nicht ersetzt, sondern erg\u00e4nzt<\/strong>. Wir melden uns in weiterer Folge zeit&shy;nah bei Ihnen.\t\t\t\t\t\t\t\t<\/div>\n\t\t\t\t<\/div>\n\t\t<div class=\"elementor-element elementor-element-dee48f9 e-con-full e-flex e-con e-child\" data-id=\"dee48f9\" data-element_type=\"container\">\n\t\t\t\t<div class=\"elementor-element elementor-element-c59d472 elementor-button-align-center elementor-widget elementor-widget-form\" data-id=\"c59d472\" data-element_type=\"widget\" data-settings=\"{&quot;step_next_label&quot;:&quot;N\\u00e4chster&quot;,&quot;step_previous_label&quot;:&quot;Voriger&quot;,&quot;button_width&quot;:&quot;100&quot;,&quot;step_type&quot;:&quot;number_text&quot;,&quot;step_icon_shape&quot;:&quot;circle&quot;}\" data-widget_type=\"form.default\">\n\t\t\t\t\t\t\t<form class=\"elementor-form\" method=\"post\" name=\"Neues Formular\">\n\t\t\t<input type=\"hidden\" name=\"post_id\" value=\"613\"\/>\n\t\t\t<input type=\"hidden\" name=\"form_id\" value=\"c59d472\"\/>\n\t\t\t<input type=\"hidden\" name=\"referer_title\" value=\"Jury\" \/>\n\n\t\t\t\t\t\t\t<input type=\"hidden\" name=\"queried_id\" value=\"613\"\/>\n\t\t\t\n\t\t\t<div class=\"elementor-form-fields-wrapper elementor-labels-above\">\n\t\t\t\t\t\t\t\t<div class=\"elementor-field-type-text elementor-field-group elementor-column elementor-field-group-name elementor-col-100\">\n\t\t\t\t\t\t\t\t\t\t\t\t\t<input size=\"1\" type=\"text\" name=\"form_fields[name]\" id=\"form-field-name\" class=\"elementor-field elementor-size-sm  elementor-field-textual\" placeholder=\"Vorname\">\n\t\t\t\t\t\t\t\t\t\t\t<\/div>\n\t\t\t\t\t\t\t\t<div class=\"elementor-field-type-text elementor-field-group elementor-column elementor-field-group-field_2496c9d elementor-col-100\">\n\t\t\t\t\t\t\t\t\t\t\t\t\t<input size=\"1\" type=\"text\" name=\"form_fields[field_2496c9d]\" id=\"form-field-field_2496c9d\" class=\"elementor-field elementor-size-sm  elementor-field-textual\" placeholder=\"Nachname\">\n\t\t\t\t\t\t\t\t\t\t\t<\/div>\n\t\t\t\t\t\t\t\t<div class=\"elementor-field-type-email elementor-field-group elementor-column elementor-field-group-email elementor-col-100 elementor-field-required\">\n\t\t\t\t\t\t\t\t\t\t\t\t\t<input size=\"1\" type=\"email\" name=\"form_fields[email]\" id=\"form-field-email\" class=\"elementor-field elementor-size-sm  elementor-field-textual\" placeholder=\"Unternehmen\" required=\"required\">\n\t\t\t\t\t\t\t\t\t\t\t<\/div>\n\t\t\t\t\t\t\t\t<div class=\"elementor-field-type-textarea elementor-field-group elementor-column elementor-field-group-message elementor-col-100\">\n\t\t\t\t\t<textarea class=\"elementor-field-textual elementor-field  elementor-size-sm\" name=\"form_fields[message]\" id=\"form-field-message\" rows=\"1\" placeholder=\"Telefon\"><\/textarea>\t\t\t\t<\/div>\n\t\t\t\t\t\t\t\t<div class=\"elementor-field-type-textarea elementor-field-group elementor-column elementor-field-group-field_48e06d0 elementor-col-100\">\n\t\t\t\t\t<textarea class=\"elementor-field-textual elementor-field  elementor-size-sm\" name=\"form_fields[field_48e06d0]\" id=\"form-field-field_48e06d0\" rows=\"1\" placeholder=\"E-Mail\"><\/textarea>\t\t\t\t<\/div>\n\t\t\t\t\t\t\t\t<div class=\"elementor-field-type-textarea elementor-field-group elementor-column elementor-field-group-field_bf805ba elementor-col-100\">\n\t\t\t\t\t<textarea class=\"elementor-field-textual elementor-field  elementor-size-sm\" name=\"form_fields[field_bf805ba]\" id=\"form-field-field_bf805ba\" rows=\"4\" placeholder=\"Meine Nachricht\"><\/textarea>\t\t\t\t<\/div>\n\t\t\t\t\t\t\t\t<div class=\"elementor-field-group elementor-column elementor-field-type-submit elementor-col-100 e-form__buttons\">\n\t\t\t\t\t<button class=\"elementor-button elementor-size-sm\" type=\"submit\">\n\t\t\t\t\t\t<span class=\"elementor-button-content-wrapper\">\n\t\t\t\t\t\t\t\t\t\t\t\t\t\t\t\t\t\t\t\t\t\t<span class=\"elementor-button-text\">Abschicken<\/span>\n\t\t\t\t\t\t\t\t\t\t\t\t\t<\/span>\n\t\t\t\t\t<\/button>\n\t\t\t\t<\/div>\n\t\t\t<\/div>\n\t\t<\/form>\n\t\t\t\t\t\t<\/div>\n\t\t\t\t<\/div>\n\t\t\t\t<\/div>\n\t\t\t\t<\/div>\n\t\t","protected":false},"excerpt":{"rendered":"<p>Gute Architektur ist kein Zufall Die professionelle Leitung einer Jury durch erfahrene Architekt:innen sichert nachvollziehbare, transparente und qualitativ hochwertige Entscheidungen \u2013 ein zentraler Faktor f\u00fcr \u00f6ffentliche Auftraggeber und Developer oder Bautr\u00e4ger. Sie schafft Vertrauen: Insbesondere bei Projekten mit hoher \u00f6ffentlicher Relevanz oder gro\u00dfen Investitionen. Strukturierte Bewertungsprozesse und fachlich fundierte Diskussionen machen es Entscheidungstr\u00e4gerInnen m\u00f6glich, dass [&hellip;]<\/p>\n","protected":false},"author":2,"featured_media":689,"parent":0,"menu_order":0,"comment_status":"closed","ping_status":"closed","template":"","meta":{"footnotes":""},"class_list":["post-613","page","type-page","status-publish","has-post-thumbnail","hentry"],"_links":{"self":[{"href":"https:\/\/heiss.thesanmarco.com\/index.php\/wp-json\/wp\/v2\/pages\/613","targetHints":{"allow":["GET"]}}],"collection":[{"href":"https:\/\/heiss.thesanmarco.com\/index.php\/wp-json\/wp\/v2\/pages"}],"about":[{"href":"https:\/\/heiss.thesanmarco.com\/index.php\/wp-json\/wp\/v2\/types\/page"}],"author":[{"embeddable":true,"href":"https:\/\/heiss.thesanmarco.com\/index.php\/wp-json\/wp\/v2\/users\/2"}],"replies":[{"embeddable":true,"href":"https:\/\/heiss.thesanmarco.com\/index.php\/wp-json\/wp\/v2\/comments?post=613"}],"version-history":[{"count":29,"href":"https:\/\/heiss.thesanmarco.com\/index.php\/wp-json\/wp\/v2\/pages\/613\/revisions"}],"predecessor-version":[{"id":727,"href":"https:\/\/heiss.thesanmarco.com\/index.php\/wp-json\/wp\/v2\/pages\/613\/revisions\/727"}],"wp:featuredmedia":[{"embeddable":true,"href":"https:\/\/heiss.thesanmarco.com\/index.php\/wp-json\/wp\/v2\/media\/689"}],"wp:attachment":[{"href":"https:\/\/heiss.thesanmarco.com\/index.php\/wp-json\/wp\/v2\/media?parent=613"}],"curies":[{"name":"wp","href":"https:\/\/api.w.org\/{rel}","templated":true}]}}