{"id":289,"date":"2025-05-12T08:49:26","date_gmt":"2025-05-12T08:49:26","guid":{"rendered":"https:\/\/heiss.thesanmarco.com\/?page_id=289"},"modified":"2025-05-28T11:30:20","modified_gmt":"2025-05-28T11:30:20","slug":"consulting","status":"publish","type":"page","link":"https:\/\/heiss.thesanmarco.com\/index.php\/consulting\/","title":{"rendered":"Consulting"},"content":{"rendered":"\t\t<div data-elementor-type=\"wp-page\" data-elementor-id=\"289\" class=\"elementor elementor-289\" data-elementor-post-type=\"page\">\n\t\t\t\t<div class=\"elementor-element elementor-element-ebfa2be e-con-full e-flex e-con e-parent\" data-id=\"ebfa2be\" data-element_type=\"container\">\n\t\t<div class=\"elementor-element elementor-element-40a0d4b e-con-full e-flex e-con e-child\" data-id=\"40a0d4b\" data-element_type=\"container\">\n\t\t\t\t<div class=\"elementor-element elementor-element-18ed696 elementor-widget elementor-widget-heading\" data-id=\"18ed696\" data-element_type=\"widget\" data-widget_type=\"heading.default\">\n\t\t\t\t\t<h1 class=\"elementor-heading-title elementor-size-default\">Der kritische Blick<\/h1>\t\t\t\t<\/div>\n\t\t\t\t<div class=\"elementor-element elementor-element-98cea38 elementor-widget elementor-widget-text-editor\" data-id=\"98cea38\" data-element_type=\"widget\" data-widget_type=\"text-editor.default\">\n\t\t\t\t\t\t\t\t\t<p>Exzellente L\u00f6sungen f\u00fcr ein Bauvorhaben k\u00f6nnen auch ganz einfach sein. Voraussetzungen daf\u00fcr sind u. a. eine kreative, zielf\u00fchrende Planung, ein detailgenaues Umsetzungskonzept und ein realistischer Zeit- und Budgetplan. Die Expertise eines Architekten und dessen kritischer Blick von au\u00dfen sind dabei von gro\u00dfem Vorteil.<\/p>\t\t\t\t\t\t\t\t<\/div>\n\t\t\t\t<div class=\"elementor-element elementor-element-1b59db3 elementor-hidden-tablet elementor-hidden-mobile elementor-widget elementor-widget-text-editor\" data-id=\"1b59db3\" data-element_type=\"widget\" data-widget_type=\"text-editor.default\">\n\t\t\t\t\t\t\t\t\t<p>Foto: Atelier Heiss<\/p>\t\t\t\t\t\t\t\t<\/div>\n\t\t\t\t<\/div>\n\t\t<div class=\"elementor-element elementor-element-139bff2 e-con-full e-flex e-con e-child\" data-id=\"139bff2\" data-element_type=\"container\">\n\t\t\t\t<div class=\"elementor-element elementor-element-7ed654e elementor-widget elementor-widget-image\" data-id=\"7ed654e\" data-element_type=\"widget\" data-widget_type=\"image.default\">\n\t\t\t\t\t\t\t\t\t\t\t\t\t\t\t<img fetchpriority=\"high\" decoding=\"async\" width=\"1333\" height=\"2000\" src=\"https:\/\/heiss.thesanmarco.com\/wp-content\/uploads\/2025\/05\/1603-Foto-Atelier-Heiss-DSCF4624.jpg\" class=\"attachment-full size-full wp-image-728\" alt=\"\" srcset=\"https:\/\/heiss.thesanmarco.com\/wp-content\/uploads\/2025\/05\/1603-Foto-Atelier-Heiss-DSCF4624.jpg 1333w, https:\/\/heiss.thesanmarco.com\/wp-content\/uploads\/2025\/05\/1603-Foto-Atelier-Heiss-DSCF4624-200x300.jpg 200w, https:\/\/heiss.thesanmarco.com\/wp-content\/uploads\/2025\/05\/1603-Foto-Atelier-Heiss-DSCF4624-682x1024.jpg 682w, https:\/\/heiss.thesanmarco.com\/wp-content\/uploads\/2025\/05\/1603-Foto-Atelier-Heiss-DSCF4624-768x1152.jpg 768w, https:\/\/heiss.thesanmarco.com\/wp-content\/uploads\/2025\/05\/1603-Foto-Atelier-Heiss-DSCF4624-1024x1536.jpg 1024w\" sizes=\"(max-width: 1333px) 100vw, 1333px\" \/>\t\t\t\t\t\t\t\t\t\t\t\t\t\t\t<\/div>\n\t\t\t\t<div class=\"elementor-element elementor-element-52aa387 elementor-hidden-widescreen elementor-hidden-desktop elementor-widget elementor-widget-text-editor\" data-id=\"52aa387\" data-element_type=\"widget\" data-widget_type=\"text-editor.default\">\n\t\t\t\t\t\t\t\t\t<p>Foto: Atelier Heiss<\/p>\t\t\t\t\t\t\t\t<\/div>\n\t\t\t\t<\/div>\n\t\t\t\t<\/div>\n\t\t<div class=\"elementor-element elementor-element-615c5 e-flex e-con-boxed e-con e-parent\" data-id=\"615c5\" data-element_type=\"container\">\n\t\t\t\t\t<div class=\"e-con-inner\">\n\t\t\t\t<div class=\"elementor-element elementor-element-b3121b2 elementor-widget elementor-widget-heading\" data-id=\"b3121b2\" data-element_type=\"widget\" data-widget_type=\"heading.default\">\n\t\t\t\t\t<h3 class=\"elementor-heading-title elementor-size-default\">\"In der gestalterischen Pr\u00fcfung der Nachhaltigkeit werden Einsparpotenziale z.B. durch verbesserte Grundrisse oder eine Optimierung des Eingangsbereichs aufgezeigt. Das Bewusstmachen m\u00f6glicher Nachnutzungen basierend auf einer gr\u00f6\u00dftm\u00f6glichen Flexibilit\u00e4t ist Teil meiner beratenden T\u00e4tigkeit.\"<\/h3>\t\t\t\t<\/div>\n\t\t\t\t<div class=\"elementor-element elementor-element-6ee84887 elementor-widget elementor-widget-text-editor\" data-id=\"6ee84887\" data-element_type=\"widget\" data-widget_type=\"text-editor.default\">\n\t\t\t\t\t\t\t\t\t<p>Christian Heiss<\/p>\t\t\t\t\t\t\t\t<\/div>\n\t\t\t\t\t<\/div>\n\t\t\t\t<\/div>\n\t\t<div class=\"elementor-element elementor-element-35fb0ab e-con-full e-flex e-con e-parent\" data-id=\"35fb0ab\" data-element_type=\"container\">\n\t\t\t\t<div class=\"elementor-element elementor-element-71bc32a elementor-widget elementor-widget-counter\" data-id=\"71bc32a\" data-element_type=\"widget\" data-widget_type=\"counter.default\">\n\t\t\t\t\t\t\t<div class=\"elementor-counter\">\n\t\t\t<div class=\"elementor-counter-title\">Jahre Berufserfahrung<\/div>\t\t\t<div class=\"elementor-counter-number-wrapper\">\n\t\t\t\t<span class=\"elementor-counter-number-prefix\"><\/span>\n\t\t\t\t<span class=\"elementor-counter-number\" data-duration=\"3000\" data-to-value=\"30\" data-from-value=\"0\" data-delimiter=\",\">0<\/span>\n\t\t\t\t<span class=\"elementor-counter-number-suffix\"><\/span>\n\t\t\t<\/div>\n\t\t<\/div>\n\t\t\t\t\t\t<\/div>\n\t\t\t\t<div class=\"elementor-element elementor-element-de9b88d elementor-widget elementor-widget-counter\" data-id=\"de9b88d\" data-element_type=\"widget\" data-widget_type=\"counter.default\">\n\t\t\t\t\t\t\t<div class=\"elementor-counter\">\n\t\t\t<div class=\"elementor-counter-title\">Projektanfragen<\/div>\t\t\t<div class=\"elementor-counter-number-wrapper\">\n\t\t\t\t<span class=\"elementor-counter-number-prefix\"><\/span>\n\t\t\t\t<span class=\"elementor-counter-number\" data-duration=\"3000\" data-to-value=\"2000\" data-from-value=\"0\" data-delimiter=\",\">0<\/span>\n\t\t\t\t<span class=\"elementor-counter-number-suffix\"><\/span>\n\t\t\t<\/div>\n\t\t<\/div>\n\t\t\t\t\t\t<\/div>\n\t\t\t\t<div class=\"elementor-element elementor-element-bc1716a elementor-widget elementor-widget-counter\" data-id=\"bc1716a\" data-element_type=\"widget\" data-widget_type=\"counter.default\">\n\t\t\t\t\t\t\t<div class=\"elementor-counter\">\n\t\t\t<div class=\"elementor-counter-title\">Umgesetzte Projekte<\/div>\t\t\t<div class=\"elementor-counter-number-wrapper\">\n\t\t\t\t<span class=\"elementor-counter-number-prefix\"><\/span>\n\t\t\t\t<span class=\"elementor-counter-number\" data-duration=\"3000\" data-to-value=\"500\" data-from-value=\"0\" data-delimiter=\",\">0<\/span>\n\t\t\t\t<span class=\"elementor-counter-number-suffix\"><\/span>\n\t\t\t<\/div>\n\t\t<\/div>\n\t\t\t\t\t\t<\/div>\n\t\t\t\t<\/div>\n\t\t<div class=\"elementor-element elementor-element-b36fd5b e-con-full e-flex e-con e-parent\" data-id=\"b36fd5b\" data-element_type=\"container\">\n\t\t<div class=\"elementor-element elementor-element-b363de5 e-con-full e-flex e-con e-child\" data-id=\"b363de5\" data-element_type=\"container\">\n\t\t\t\t<div class=\"elementor-element elementor-element-35d5746 elementor-widget elementor-widget-heading\" data-id=\"35d5746\" data-element_type=\"widget\" data-widget_type=\"heading.default\">\n\t\t\t\t\t<h3 class=\"elementor-heading-title elementor-size-default\">Umfassende Beratung<\/h3>\t\t\t\t<\/div>\n\t\t\t\t<div class=\"elementor-element elementor-element-e7268ac elementor-widget elementor-widget-text-editor\" data-id=\"e7268ac\" data-element_type=\"widget\" data-widget_type=\"text-editor.default\">\n\t\t\t\t\t\t\t\t\t<p>Christian Heiss leitet das Wiener Architekturb\u00fcro Atelier Heiss Architekten und kann auf eine langj\u00e4hrige und umfassende Expertise im Bereich Architektur Consulting zur\u00fcckgreifen: 30 Jahre Berufserfahrung, 2.000 Projektanfragen und \u00fcber 500 erfolgreich umgesetzte Projekte sprechen eine deutliche Sprache. Seine umfassende Beratung in funktioneller und gestalterischer Hinsicht fokussiert auf die Themenbereiche Hotel, Office und Living. Christian Heiss unterst\u00fctzt Sie dabei, Ihre Projekte in funktioneller und gestalterischer Hinsicht nicht nur \u00e4sthetisch ansprechend, sondern auch effizient und nachhaltig umzusetzen.<\/p>\t\t\t\t\t\t\t\t<\/div>\n\t\t\t\t<div class=\"elementor-element elementor-element-9b7fa09 elementor-hidden-tablet elementor-hidden-mobile elementor-widget elementor-widget-text-editor\" data-id=\"9b7fa09\" data-element_type=\"widget\" data-widget_type=\"text-editor.default\">\n\t\t\t\t\t\t\t\t\t<p>Foto: Gerhard Wasserbauer<\/p>\t\t\t\t\t\t\t\t<\/div>\n\t\t\t\t<\/div>\n\t\t<div class=\"elementor-element elementor-element-7ce3a20 e-con-full e-flex e-con e-child\" data-id=\"7ce3a20\" data-element_type=\"container\">\n\t\t\t\t<div class=\"elementor-element elementor-element-9bdcd4f elementor-widget elementor-widget-image\" data-id=\"9bdcd4f\" data-element_type=\"widget\" data-widget_type=\"image.default\">\n\t\t\t\t\t\t\t\t\t\t\t\t\t\t\t<img decoding=\"async\" width=\"1500\" height=\"2000\" src=\"https:\/\/heiss.thesanmarco.com\/wp-content\/uploads\/2025\/05\/2024-04-19-10553-032-web.jpg\" class=\"attachment-full size-full wp-image-277\" alt=\"\" srcset=\"https:\/\/heiss.thesanmarco.com\/wp-content\/uploads\/2025\/05\/2024-04-19-10553-032-web.jpg 1500w, https:\/\/heiss.thesanmarco.com\/wp-content\/uploads\/2025\/05\/2024-04-19-10553-032-web-225x300.jpg 225w, https:\/\/heiss.thesanmarco.com\/wp-content\/uploads\/2025\/05\/2024-04-19-10553-032-web-768x1024.jpg 768w, https:\/\/heiss.thesanmarco.com\/wp-content\/uploads\/2025\/05\/2024-04-19-10553-032-web-1152x1536.jpg 1152w\" sizes=\"(max-width: 1500px) 100vw, 1500px\" \/>\t\t\t\t\t\t\t\t\t\t\t\t\t\t\t<\/div>\n\t\t\t\t<div class=\"elementor-element elementor-element-e8bb9c1 elementor-hidden-widescreen elementor-hidden-desktop elementor-widget elementor-widget-text-editor\" data-id=\"e8bb9c1\" data-element_type=\"widget\" data-widget_type=\"text-editor.default\">\n\t\t\t\t\t\t\t\t\t<p>Foto: Gerhard Wasserbauer<\/p>\t\t\t\t\t\t\t\t<\/div>\n\t\t\t\t<\/div>\n\t\t\t\t<\/div>\n\t\t<div class=\"elementor-element elementor-element-5c8cc94 e-con-full e-flex e-con e-parent\" data-id=\"5c8cc94\" data-element_type=\"container\">\n\t\t<div class=\"elementor-element elementor-element-dc830d0 e-con-full e-flex e-con e-child\" data-id=\"dc830d0\" data-element_type=\"container\">\n\t\t\t\t<div class=\"elementor-element elementor-element-6d4585d elementor-widget elementor-widget-heading\" data-id=\"6d4585d\" data-element_type=\"widget\" data-widget_type=\"heading.default\">\n\t\t\t\t\t<h3 class=\"elementor-heading-title elementor-size-default\">Nachhaltigkeit<\/h3>\t\t\t\t<\/div>\n\t\t\t\t<div class=\"elementor-element elementor-element-f7f5e48 elementor-widget elementor-widget-text-editor\" data-id=\"f7f5e48\" data-element_type=\"widget\" data-widget_type=\"text-editor.default\">\n\t\t\t\t\t\t\t\t\t<p>Fu\u0308r Christian Heiss ist nach\u00adhaltiges Planen und Bauen die Grund\u00advoraus\u00adsetzung fu\u0308r eine ver\u00adant\u00adwort\u00adungs\u00advolle Archi\u00adtektur. Ein besonderer Fokus dabei liegt auf der Lang\u00adlebig\u00adkeit der archi\u00adtek\u00adtonischen Kon\u00adzepte und der Minimierung des \u00f6ko\u00ad\u00adlogi\u00adschen Fu\u00df\u00adab\u00ad\u00addrucks. Die meisten Pr\u00fcfungen der Nachhaltigkeit beziehen sich auf \u00f6kologische Aspekte, wobei Zertifikate diesen Umfang sehr gut abdecken. In der gestalterischen Pr\u00fcfung geht es in erster Linie um die Beurteilung und eventuelle Verbesserung der Eingangssituation, aber auch die Bewusstmachung auf sp\u00e4tere Flexibilit\u00e4t und etwaiger Nachnutzungen.<\/p>\t\t\t\t\t\t\t\t<\/div>\n\t\t\t\t<div class=\"elementor-element elementor-element-28a3696 elementor-hidden-tablet elementor-hidden-mobile elementor-widget elementor-widget-text-editor\" data-id=\"28a3696\" data-element_type=\"widget\" data-widget_type=\"text-editor.default\">\n\t\t\t\t\t\t\t\t\t<p>Foto: Gerhard Wasserbauer<\/p>\t\t\t\t\t\t\t\t<\/div>\n\t\t\t\t<\/div>\n\t\t<div class=\"elementor-element elementor-element-b7406cd e-con-full e-flex e-con e-child\" data-id=\"b7406cd\" data-element_type=\"container\">\n\t\t\t\t<div class=\"elementor-element elementor-element-8e0c162 elementor-widget elementor-widget-image\" data-id=\"8e0c162\" data-element_type=\"widget\" data-widget_type=\"image.default\">\n\t\t\t\t\t\t\t\t\t\t\t\t\t\t\t<img decoding=\"async\" width=\"2400\" height=\"1601\" src=\"https:\/\/heiss.thesanmarco.com\/wp-content\/uploads\/2025\/05\/1643_Foto_Burgstaller_DSC01820.jpg\" class=\"attachment-full size-full wp-image-414\" alt=\"\" srcset=\"https:\/\/heiss.thesanmarco.com\/wp-content\/uploads\/2025\/05\/1643_Foto_Burgstaller_DSC01820.jpg 2400w, https:\/\/heiss.thesanmarco.com\/wp-content\/uploads\/2025\/05\/1643_Foto_Burgstaller_DSC01820-300x200.jpg 300w, https:\/\/heiss.thesanmarco.com\/wp-content\/uploads\/2025\/05\/1643_Foto_Burgstaller_DSC01820-1024x683.jpg 1024w, https:\/\/heiss.thesanmarco.com\/wp-content\/uploads\/2025\/05\/1643_Foto_Burgstaller_DSC01820-768x512.jpg 768w, https:\/\/heiss.thesanmarco.com\/wp-content\/uploads\/2025\/05\/1643_Foto_Burgstaller_DSC01820-1536x1025.jpg 1536w, https:\/\/heiss.thesanmarco.com\/wp-content\/uploads\/2025\/05\/1643_Foto_Burgstaller_DSC01820-2048x1366.jpg 2048w\" sizes=\"(max-width: 2400px) 100vw, 2400px\" \/>\t\t\t\t\t\t\t\t\t\t\t\t\t\t\t<\/div>\n\t\t\t\t<div class=\"elementor-element elementor-element-c1692bf elementor-hidden-widescreen elementor-hidden-desktop elementor-widget elementor-widget-text-editor\" data-id=\"c1692bf\" data-element_type=\"widget\" data-widget_type=\"text-editor.default\">\n\t\t\t\t\t\t\t\t\t<p>Foto: Gerhard Wasserbauer<\/p>\t\t\t\t\t\t\t\t<\/div>\n\t\t\t\t<\/div>\n\t\t\t\t<\/div>\n\t\t<div class=\"elementor-element elementor-element-f4af79b e-con-full e-flex e-con e-parent\" data-id=\"f4af79b\" data-element_type=\"container\">\n\t\t<div class=\"elementor-element elementor-element-4dfaf9d e-con-full e-flex e-con e-child\" data-id=\"4dfaf9d\" data-element_type=\"container\">\n\t\t\t\t<div class=\"elementor-element elementor-element-0adf796 elementor-widget elementor-widget-heading\" data-id=\"0adf796\" data-element_type=\"widget\" data-widget_type=\"heading.default\">\n\t\t\t\t\t<h3 class=\"elementor-heading-title elementor-size-default\">Ihre Anfrage<\/h3>\t\t\t\t<\/div>\n\t\t\t\t<div class=\"elementor-element elementor-element-0d06d89 elementor-widget elementor-widget-text-editor\" data-id=\"0d06d89\" data-element_type=\"widget\" data-widget_type=\"text-editor.default\">\n\t\t\t\t\t\t\t\t\tWenn Ihr Projekt nach einem professionellen Blick von au\u00dfen verlangt oder Sie ein zus\u00e4tzliches Paar geschulter Augen ben\u00f6tigen, freuen wir uns auf Ihre gesch\u00e4tzte Anfrage. Bitte bedenken Sie, dass die Beratungs&shy;leistung die Leistung des Architekten <strong>nicht ersetzt, sondern erg\u00e4nzt<\/strong>. Wir melden uns in weiterer Folge zeit&shy;nah bei Ihnen.\t\t\t\t\t\t\t\t<\/div>\n\t\t\t\t<\/div>\n\t\t<div class=\"elementor-element elementor-element-dee48f9 e-con-full e-flex e-con e-child\" data-id=\"dee48f9\" data-element_type=\"container\">\n\t\t\t\t<div class=\"elementor-element elementor-element-c59d472 elementor-button-align-center elementor-widget elementor-widget-form\" data-id=\"c59d472\" data-element_type=\"widget\" data-settings=\"{&quot;step_next_label&quot;:&quot;N\\u00e4chster&quot;,&quot;step_previous_label&quot;:&quot;Voriger&quot;,&quot;button_width&quot;:&quot;100&quot;,&quot;step_type&quot;:&quot;number_text&quot;,&quot;step_icon_shape&quot;:&quot;circle&quot;}\" data-widget_type=\"form.default\">\n\t\t\t\t\t\t\t<form class=\"elementor-form\" method=\"post\" name=\"Neues Formular\">\n\t\t\t<input type=\"hidden\" name=\"post_id\" value=\"289\"\/>\n\t\t\t<input type=\"hidden\" name=\"form_id\" value=\"c59d472\"\/>\n\t\t\t<input type=\"hidden\" name=\"referer_title\" value=\"Consulting\" \/>\n\n\t\t\t\t\t\t\t<input type=\"hidden\" name=\"queried_id\" value=\"289\"\/>\n\t\t\t\n\t\t\t<div class=\"elementor-form-fields-wrapper elementor-labels-above\">\n\t\t\t\t\t\t\t\t<div class=\"elementor-field-type-text elementor-field-group elementor-column elementor-field-group-name elementor-col-100\">\n\t\t\t\t\t\t\t\t\t\t\t\t\t<input size=\"1\" type=\"text\" name=\"form_fields[name]\" id=\"form-field-name\" class=\"elementor-field elementor-size-sm  elementor-field-textual\" placeholder=\"Vorname\">\n\t\t\t\t\t\t\t\t\t\t\t<\/div>\n\t\t\t\t\t\t\t\t<div class=\"elementor-field-type-text elementor-field-group elementor-column elementor-field-group-field_2496c9d elementor-col-100\">\n\t\t\t\t\t\t\t\t\t\t\t\t\t<input size=\"1\" type=\"text\" name=\"form_fields[field_2496c9d]\" id=\"form-field-field_2496c9d\" class=\"elementor-field elementor-size-sm  elementor-field-textual\" placeholder=\"Nachname\">\n\t\t\t\t\t\t\t\t\t\t\t<\/div>\n\t\t\t\t\t\t\t\t<div class=\"elementor-field-type-email elementor-field-group elementor-column elementor-field-group-email elementor-col-100 elementor-field-required\">\n\t\t\t\t\t\t\t\t\t\t\t\t\t<input size=\"1\" type=\"email\" name=\"form_fields[email]\" id=\"form-field-email\" class=\"elementor-field elementor-size-sm  elementor-field-textual\" placeholder=\"Unternehmen\" required=\"required\">\n\t\t\t\t\t\t\t\t\t\t\t<\/div>\n\t\t\t\t\t\t\t\t<div class=\"elementor-field-type-textarea elementor-field-group elementor-column elementor-field-group-message elementor-col-100\">\n\t\t\t\t\t<textarea class=\"elementor-field-textual elementor-field  elementor-size-sm\" name=\"form_fields[message]\" id=\"form-field-message\" rows=\"1\" placeholder=\"Telefon\"><\/textarea>\t\t\t\t<\/div>\n\t\t\t\t\t\t\t\t<div class=\"elementor-field-type-textarea elementor-field-group elementor-column elementor-field-group-field_48e06d0 elementor-col-100\">\n\t\t\t\t\t<textarea class=\"elementor-field-textual elementor-field  elementor-size-sm\" name=\"form_fields[field_48e06d0]\" id=\"form-field-field_48e06d0\" rows=\"1\" placeholder=\"E-Mail\"><\/textarea>\t\t\t\t<\/div>\n\t\t\t\t\t\t\t\t<div class=\"elementor-field-type-textarea elementor-field-group elementor-column elementor-field-group-field_bf805ba elementor-col-100\">\n\t\t\t\t\t<textarea class=\"elementor-field-textual elementor-field  elementor-size-sm\" name=\"form_fields[field_bf805ba]\" id=\"form-field-field_bf805ba\" rows=\"4\" placeholder=\"Meine Nachricht\"><\/textarea>\t\t\t\t<\/div>\n\t\t\t\t\t\t\t\t<div class=\"elementor-field-group elementor-column elementor-field-type-submit elementor-col-100 e-form__buttons\">\n\t\t\t\t\t<button class=\"elementor-button elementor-size-sm\" type=\"submit\">\n\t\t\t\t\t\t<span class=\"elementor-button-content-wrapper\">\n\t\t\t\t\t\t\t\t\t\t\t\t\t\t\t\t\t\t\t\t\t\t<span class=\"elementor-button-text\">Abschicken<\/span>\n\t\t\t\t\t\t\t\t\t\t\t\t\t<\/span>\n\t\t\t\t\t<\/button>\n\t\t\t\t<\/div>\n\t\t\t<\/div>\n\t\t<\/form>\n\t\t\t\t\t\t<\/div>\n\t\t\t\t<\/div>\n\t\t\t\t<\/div>\n\t\t\t\t<\/div>\n\t\t","protected":false},"excerpt":{"rendered":"<p>Der kritische Blick Exzellente L\u00f6sungen f\u00fcr ein Bauvorhaben k\u00f6nnen auch ganz einfach sein. Voraussetzungen daf\u00fcr sind u. a. eine kreative, zielf\u00fchrende Planung, ein detailgenaues Umsetzungskonzept und ein realistischer Zeit- und Budgetplan. Die Expertise eines Architekten und dessen kritischer Blick von au\u00dfen sind dabei von gro\u00dfem Vorteil. Foto: Atelier Heiss Foto: Atelier Heiss &#8222;In der gestalterischen [&hellip;]<\/p>\n","protected":false},"author":2,"featured_media":277,"parent":0,"menu_order":0,"comment_status":"closed","ping_status":"closed","template":"","meta":{"footnotes":""},"class_list":["post-289","page","type-page","status-publish","has-post-thumbnail","hentry"],"_links":{"self":[{"href":"https:\/\/heiss.thesanmarco.com\/index.php\/wp-json\/wp\/v2\/pages\/289","targetHints":{"allow":["GET"]}}],"collection":[{"href":"https:\/\/heiss.thesanmarco.com\/index.php\/wp-json\/wp\/v2\/pages"}],"about":[{"href":"https:\/\/heiss.thesanmarco.com\/index.php\/wp-json\/wp\/v2\/types\/page"}],"author":[{"embeddable":true,"href":"https:\/\/heiss.thesanmarco.com\/index.php\/wp-json\/wp\/v2\/users\/2"}],"replies":[{"embeddable":true,"href":"https:\/\/heiss.thesanmarco.com\/index.php\/wp-json\/wp\/v2\/comments?post=289"}],"version-history":[{"count":119,"href":"https:\/\/heiss.thesanmarco.com\/index.php\/wp-json\/wp\/v2\/pages\/289\/revisions"}],"predecessor-version":[{"id":731,"href":"https:\/\/heiss.thesanmarco.com\/index.php\/wp-json\/wp\/v2\/pages\/289\/revisions\/731"}],"wp:featuredmedia":[{"embeddable":true,"href":"https:\/\/heiss.thesanmarco.com\/index.php\/wp-json\/wp\/v2\/media\/277"}],"wp:attachment":[{"href":"https:\/\/heiss.thesanmarco.com\/index.php\/wp-json\/wp\/v2\/media?parent=289"}],"curies":[{"name":"wp","href":"https:\/\/api.w.org\/{rel}","templated":true}]}}