{"id":212,"date":"2025-05-11T12:18:21","date_gmt":"2025-05-11T12:18:21","guid":{"rendered":"https:\/\/heiss.thesanmarco.com\/?page_id=212"},"modified":"2025-05-28T11:18:18","modified_gmt":"2025-05-28T11:18:18","slug":"guten-tag","status":"publish","type":"page","link":"https:\/\/heiss.thesanmarco.com\/","title":{"rendered":"Das geschulte Auge"},"content":{"rendered":"\t\t<div data-elementor-type=\"wp-page\" data-elementor-id=\"212\" class=\"elementor elementor-212\" data-elementor-post-type=\"page\">\n\t\t\t\t<div class=\"elementor-element elementor-element-09dcc35 e-con-full e-flex e-con e-parent\" data-id=\"09dcc35\" data-element_type=\"container\">\n\t\t<div class=\"elementor-element elementor-element-a392ac1 e-con-full e-flex e-con e-child\" data-id=\"a392ac1\" data-element_type=\"container\">\n\t\t\t\t<div class=\"elementor-element elementor-element-c2601b5 elementor-widget elementor-widget-heading\" data-id=\"c2601b5\" data-element_type=\"widget\" data-widget_type=\"heading.default\">\n\t\t\t\t\t<h1 class=\"elementor-heading-title elementor-size-default\">Das geschulte Auge<\/h1>\t\t\t\t<\/div>\n\t\t\t\t<div class=\"elementor-element elementor-element-f53eb49 elementor-widget elementor-widget-text-editor\" data-id=\"f53eb49\" data-element_type=\"widget\" data-widget_type=\"text-editor.default\">\n\t\t\t\t\t\t\t\t\tAls Gr\u00fcnder und Eigent\u00fcmer des renommierten Wiener Architekturb\u00fcros Atelier Heiss Architekten kann <strong>Christian Heiss<\/strong> neben seiner Kern&shy;t\u00e4tigkeit als Architekt auch auf eine umfassende Expertise im Bereich Architektur Consulting zur\u00fcck&shy;greifen: 30 Jahre Berufserfahrung, 2.000 Projekt&shy;anfragen und \u00fcber 500 erfolg&shy;reich umgesetzte Projekte sprechen eine deutliche Sprache.\t\t\t\t\t\t\t\t<\/div>\n\t\t\t\t<div class=\"elementor-element elementor-element-578768a elementor-hidden-tablet elementor-hidden-mobile elementor-view-default elementor-widget elementor-widget-icon\" data-id=\"578768a\" data-element_type=\"widget\" data-widget_type=\"icon.default\">\n\t\t\t\t\t\t\t<div class=\"elementor-icon-wrapper\">\n\t\t\t<div class=\"elementor-icon\">\n\t\t\t<svg xmlns=\"http:\/\/www.w3.org\/2000\/svg\" id=\"Ebene_1\" viewBox=\"0 0 74.16 99.12\"><path d=\"M69.24,56.88l4.92,5.04-37.08,37.2L0,61.92l5.04-5.04,28.56,28.56V0h7.08v85.44l28.56-28.56Z\" style=\"fill:#000; stroke-width:0px;\"><\/path><\/svg>\t\t\t<\/div>\n\t\t<\/div>\n\t\t\t\t\t\t<\/div>\n\t\t\t\t<\/div>\n\t\t<div class=\"elementor-element elementor-element-534765f e-con-full e-flex e-con e-child\" data-id=\"534765f\" data-element_type=\"container\">\n\t\t\t\t<div class=\"elementor-element elementor-element-9675dfd elementor-widget elementor-widget-image\" data-id=\"9675dfd\" data-element_type=\"widget\" data-widget_type=\"image.default\">\n\t\t\t\t\t\t\t\t\t\t\t\t\t\t\t<img fetchpriority=\"high\" decoding=\"async\" width=\"1919\" height=\"2560\" src=\"https:\/\/heiss.thesanmarco.com\/wp-content\/uploads\/2025\/05\/Christian-Heiss-scaled-1.jpg\" class=\"attachment-full size-full wp-image-272\" alt=\"\" srcset=\"https:\/\/heiss.thesanmarco.com\/wp-content\/uploads\/2025\/05\/Christian-Heiss-scaled-1.jpg 1919w, https:\/\/heiss.thesanmarco.com\/wp-content\/uploads\/2025\/05\/Christian-Heiss-scaled-1-225x300.jpg 225w, https:\/\/heiss.thesanmarco.com\/wp-content\/uploads\/2025\/05\/Christian-Heiss-scaled-1-768x1025.jpg 768w, https:\/\/heiss.thesanmarco.com\/wp-content\/uploads\/2025\/05\/Christian-Heiss-scaled-1-1151x1536.jpg 1151w, https:\/\/heiss.thesanmarco.com\/wp-content\/uploads\/2025\/05\/Christian-Heiss-scaled-1-1535x2048.jpg 1535w\" sizes=\"(max-width: 1919px) 100vw, 1919px\" \/>\t\t\t\t\t\t\t\t\t\t\t\t\t\t\t<\/div>\n\t\t\t\t<\/div>\n\t\t\t\t<\/div>\n\t\t<div class=\"elementor-element elementor-element-0cade7d e-flex e-con-boxed e-con e-parent\" data-id=\"0cade7d\" data-element_type=\"container\">\n\t\t\t\t\t<div class=\"e-con-inner\">\n\t\t\t\t<div class=\"elementor-element elementor-element-c2da799 elementor-widget elementor-widget-heading\" data-id=\"c2da799\" data-element_type=\"widget\" data-widget_type=\"heading.default\">\n\t\t\t\t\t<h3 class=\"elementor-heading-title elementor-size-default\">\"Kleine \u00c4nderungen k\u00f6nnen auch eine gro\u00dfe Verbesserung bedeuten. Es verh\u00e4lt sich manchmal wie bei einem Zaubertrick \u2013 nur dass die Magie zur Realit\u00e4t wird. Auch die Best\u00e4tigung verleiht ein gutes Gef\u00fchl: Zu wissen, dass man sich auf dem richtigen Weg befindet, kann oftmals auch befl\u00fcgeln.\"<\/h3>\t\t\t\t<\/div>\n\t\t\t\t<div class=\"elementor-element elementor-element-48a6639 elementor-widget elementor-widget-text-editor\" data-id=\"48a6639\" data-element_type=\"widget\" data-widget_type=\"text-editor.default\">\n\t\t\t\t\t\t\t\t\t<p>Christian Heiss<\/p>\t\t\t\t\t\t\t\t<\/div>\n\t\t\t\t\t<\/div>\n\t\t\t\t<\/div>\n\t\t<div class=\"elementor-element elementor-element-6a3689e e-con-full e-flex e-con e-parent\" data-id=\"6a3689e\" data-element_type=\"container\">\n\t\t<div class=\"elementor-element elementor-element-f69876d e-con-full e-flex e-con e-child\" data-id=\"f69876d\" data-element_type=\"container\">\n\t\t\t\t<div class=\"elementor-element elementor-element-befc6e4 elementor-widget elementor-widget-heading\" data-id=\"befc6e4\" data-element_type=\"widget\" data-widget_type=\"heading.default\">\n\t\t\t\t\t<h3 class=\"elementor-heading-title elementor-size-default\">Expertise<\/h3>\t\t\t\t<\/div>\n\t\t\t\t<div class=\"elementor-element elementor-element-9d7321a elementor-widget elementor-widget-text-editor\" data-id=\"9d7321a\" data-element_type=\"widget\" data-widget_type=\"text-editor.default\">\n\t\t\t\t\t\t\t\t\t<p>Christian Heiss ist neben seiner Consultingt\u00e4tigkeit auch als Vortragender und als Lehrbeauftragter t\u00e4tig. Internationale Organisationen, Fachmedien, Unternehmen und Bildungseinrichtungen sch\u00e4tzen seine Expertise, die er im Rahmen diverser Vortr\u00e4ge und Lehrt\u00e4tigkeiten an sein interessiertes Publikum weitergibt.<\/p>\t\t\t\t\t\t\t\t<\/div>\n\t\t\t\t<div class=\"elementor-element elementor-element-c518841 elementor-mobile-align-left elementor-widget elementor-widget-button\" data-id=\"c518841\" data-element_type=\"widget\" data-widget_type=\"button.default\">\n\t\t\t\t\t\t\t\t\t\t<a class=\"elementor-button elementor-button-link elementor-size-sm\" href=\"https:\/\/heiss.thesanmarco.com\/index.php\/expertise\/\">\n\t\t\t\t\t\t<span class=\"elementor-button-content-wrapper\">\n\t\t\t\t\t\t\t\t\t<span class=\"elementor-button-text\">Mehr zur Expertise<\/span>\n\t\t\t\t\t<\/span>\n\t\t\t\t\t<\/a>\n\t\t\t\t\t\t\t\t<\/div>\n\t\t\t\t<\/div>\n\t\t<div class=\"elementor-element elementor-element-01eefcd e-con-full e-flex e-con e-child\" data-id=\"01eefcd\" data-element_type=\"container\">\n\t\t\t\t<div class=\"elementor-element elementor-element-bddfae2 elementor-widget elementor-widget-heading\" data-id=\"bddfae2\" data-element_type=\"widget\" data-widget_type=\"heading.default\">\n\t\t\t\t\t<h3 class=\"elementor-heading-title elementor-size-default\">Beratung<\/h3>\t\t\t\t<\/div>\n\t\t\t\t<div class=\"elementor-element elementor-element-f5dc729 elementor-widget elementor-widget-text-editor\" data-id=\"f5dc729\" data-element_type=\"widget\" data-widget_type=\"text-editor.default\">\n\t\t\t\t\t\t\t\t\t<p>Die Erfahrung in unz\u00e4hligen Projekt-Begutachtungen und -Begleitungen und Leitung einer Vielzahl von erfolgreichen und nachhaltigen Projekten erm\u00f6glichen Christian Heiss eine schnelle Einsch\u00e4tzung der funktionellen und r\u00e4umlichen Qualit\u00e4ten eines Projekts &#8211; wie auch die Beurteilung einer nachhaltigen Sinnhaftigkeit.<\/p>\t\t\t\t\t\t\t\t<\/div>\n\t\t\t\t<div class=\"elementor-element elementor-element-2f3404c elementor-widget elementor-widget-button\" data-id=\"2f3404c\" data-element_type=\"widget\" data-widget_type=\"button.default\">\n\t\t\t\t\t\t\t\t\t\t<a class=\"elementor-button elementor-button-link elementor-size-sm\" href=\"https:\/\/heiss.thesanmarco.com\/index.php\/consulting\/\">\n\t\t\t\t\t\t<span class=\"elementor-button-content-wrapper\">\n\t\t\t\t\t\t\t\t\t<span class=\"elementor-button-text\">mehr zum consulting<\/span>\n\t\t\t\t\t<\/span>\n\t\t\t\t\t<\/a>\n\t\t\t\t\t\t\t\t<\/div>\n\t\t\t\t<\/div>\n\t\t<div class=\"elementor-element elementor-element-1dea028 e-con-full e-flex e-con e-child\" data-id=\"1dea028\" data-element_type=\"container\">\n\t\t\t\t<div class=\"elementor-element elementor-element-336f253 elementor-widget elementor-widget-heading\" data-id=\"336f253\" data-element_type=\"widget\" data-widget_type=\"heading.default\">\n\t\t\t\t\t<h3 class=\"elementor-heading-title elementor-size-default\">Jury<\/h3>\t\t\t\t<\/div>\n\t\t\t\t<div class=\"elementor-element elementor-element-7d7ed6a elementor-widget elementor-widget-text-editor\" data-id=\"7d7ed6a\" data-element_type=\"widget\" data-widget_type=\"text-editor.default\">\n\t\t\t\t\t\t\t\t\t<p>Mit seiner langj\u00e4hrigen Erfahrung in Architektur und Stadtplanung bringt Christian Heiss genau das Fachwissen und die Souver\u00e4nit\u00e4t mit, die eine Juryleitung braucht. Er steht f\u00fcr fachliche Moderation, klare Strukturen, einen transparenten Entscheidungsprozess und kompetente Bewertung.<\/p>\t\t\t\t\t\t\t\t<\/div>\n\t\t\t\t<div class=\"elementor-element elementor-element-56da603 elementor-widget elementor-widget-button\" data-id=\"56da603\" data-element_type=\"widget\" data-widget_type=\"button.default\">\n\t\t\t\t\t\t\t\t\t\t<a class=\"elementor-button elementor-button-link elementor-size-sm\" href=\"https:\/\/heiss.thesanmarco.com\/index.php\/jury\/\">\n\t\t\t\t\t\t<span class=\"elementor-button-content-wrapper\">\n\t\t\t\t\t\t\t\t\t<span class=\"elementor-button-text\">mehr zur jury<\/span>\n\t\t\t\t\t<\/span>\n\t\t\t\t\t<\/a>\n\t\t\t\t\t\t\t\t<\/div>\n\t\t\t\t<\/div>\n\t\t\t\t<\/div>\n\t\t\t\t<\/div>\n\t\t","protected":false},"excerpt":{"rendered":"<p>Das geschulte Auge Als Gr\u00fcnder und Eigent\u00fcmer des renommierten Wiener Architekturb\u00fcros Atelier Heiss Architekten kann Christian Heiss neben seiner Kern\u00adt\u00e4tigkeit als Architekt auch auf eine umfassende Expertise im Bereich Architektur Consulting zur\u00fcck\u00adgreifen: 30 Jahre Berufserfahrung, 2.000 Projekt\u00adanfragen und \u00fcber 500 erfolg\u00adreich umgesetzte Projekte sprechen eine deutliche Sprache. &#8222;Kleine \u00c4nderungen k\u00f6nnen auch eine gro\u00dfe Verbesserung bedeuten. [&hellip;]<\/p>\n","protected":false},"author":2,"featured_media":272,"parent":0,"menu_order":0,"comment_status":"closed","ping_status":"closed","template":"","meta":{"footnotes":""},"class_list":["post-212","page","type-page","status-publish","has-post-thumbnail","hentry"],"_links":{"self":[{"href":"https:\/\/heiss.thesanmarco.com\/index.php\/wp-json\/wp\/v2\/pages\/212","targetHints":{"allow":["GET"]}}],"collection":[{"href":"https:\/\/heiss.thesanmarco.com\/index.php\/wp-json\/wp\/v2\/pages"}],"about":[{"href":"https:\/\/heiss.thesanmarco.com\/index.php\/wp-json\/wp\/v2\/types\/page"}],"author":[{"embeddable":true,"href":"https:\/\/heiss.thesanmarco.com\/index.php\/wp-json\/wp\/v2\/users\/2"}],"replies":[{"embeddable":true,"href":"https:\/\/heiss.thesanmarco.com\/index.php\/wp-json\/wp\/v2\/comments?post=212"}],"version-history":[{"count":119,"href":"https:\/\/heiss.thesanmarco.com\/index.php\/wp-json\/wp\/v2\/pages\/212\/revisions"}],"predecessor-version":[{"id":709,"href":"https:\/\/heiss.thesanmarco.com\/index.php\/wp-json\/wp\/v2\/pages\/212\/revisions\/709"}],"wp:featuredmedia":[{"embeddable":true,"href":"https:\/\/heiss.thesanmarco.com\/index.php\/wp-json\/wp\/v2\/media\/272"}],"wp:attachment":[{"href":"https:\/\/heiss.thesanmarco.com\/index.php\/wp-json\/wp\/v2\/media?parent=212"}],"curies":[{"name":"wp","href":"https:\/\/api.w.org\/{rel}","templated":true}]}}